{"id":160,"date":"2023-10-04T18:15:33","date_gmt":"2023-10-04T18:15:33","guid":{"rendered":"https:\/\/www.arovaproject.com\/?page_id=160"},"modified":"2023-11-21T15:52:11","modified_gmt":"2023-11-21T15:52:11","slug":"contact","status":"publish","type":"page","link":"https:\/\/www.arovaproject.com\/en\/contact\/","title":{"rendered":"CONTACT US"},"content":{"rendered":"<div class=\"texto-block scroll-animation\">\n    <div class=\"container\">\n        <div class=\"row\">\n            <div class=\"col-md-12\">\n                <p><p style=\"text-align: center\">At <strong>AROVA PROJECT<\/strong>, we consider our clients&#8217; objectives as our own and tailor our service and team to achieve the most satisfying results in their projects.<\/p>\n<h1 style=\"text-align: center\"><strong>THE PROJECT AND ITS 6 PHASES<\/strong><\/h1>\n<\/p>\n            <\/div>\n        <\/div>\n        <div class=\"row texto-inferior\">\n            <div class=\"col-md-6\">\n                <p><p><strong>1. MAKING CONTACT:<\/strong><br \/>\nOnce you have contacted us, we will inform you in detail about all our services.<\/p>\n<p><strong>2. VISIT AND ADVICE:<\/strong><br \/>\nWe visit the space to be renovated and\/or built, and we are interested in knowing each of the client&#8217;s needs.<\/p>\n<p><strong>3. PRELIMINARY PROJECT:<\/strong><br \/>\nWith all the information collected during the visit, we present the first design alternatives, and a first detailed indicative budget.<\/p>\n<\/p>\n            <\/div>\n            <div class=\"col-md-6\">\n                <p><p><strong>4. PROJECT<\/strong><br \/>\nBased on the design proposal that the client has selected, we carry out a technical project definitive where the distribution of the spaces, all the actions to be carried out, materials, finishes and costs are reflected in detail.<\/p>\n<p><strong>5. MANAGEMENT OF LICENSES AND PERMISSIONS:<\/strong><br \/>\nWe request the necessary licenses and permits from technical control entities and\/or the Town Hall.<\/p>\n<p><strong>6. EXECUTION OF THE WORK:<\/strong><br \/>\nWe provide the client with an organizational chart with the phases of the work, we coordinate all the work to be carried out on the site, controlling their execution times and quality, orders, supply of materials, equipment and\/or furniture. We hold periodic meetings with clients, on site or also through video calls. End of work visit and handover of the keys.<\/p>\n<\/p>\n            <\/div>\n        <\/div>\n    <\/div>\n<\/div>\n\n\n<div class=\"formulario scroll-animation\">\n    <div class=\"container\">\n        <div class=\"row\">\n            <div class=\"col-md-6\">\n                <div class=\"title-form\">\n                    <h2>CONTACT US NOW<\/h2><span class=\"line-form\"><\/span>\n                <\/div>\n                \n<div class=\"wpcf7 no-js\" id=\"wpcf7-f747-o1\" lang=\"en-US\" dir=\"ltr\" data-wpcf7-id=\"747\">\n<div class=\"screen-reader-response\"><p role=\"status\" aria-live=\"polite\" aria-atomic=\"true\"><\/p> <ul><\/ul><\/div>\n<form action=\"\/en\/wp-json\/wp\/v2\/pages\/160#wpcf7-f747-o1\" method=\"post\" class=\"wpcf7-form init\" aria-label=\"Contact form\" novalidate=\"novalidate\" data-status=\"init\">\n<div style=\"display: none;\">\n<input type=\"hidden\" name=\"_wpcf7\" value=\"747\" \/>\n<input type=\"hidden\" name=\"_wpcf7_version\" value=\"6.0.3\" \/>\n<input type=\"hidden\" name=\"_wpcf7_locale\" value=\"en_US\" \/>\n<input type=\"hidden\" name=\"_wpcf7_unit_tag\" value=\"wpcf7-f747-o1\" \/>\n<input type=\"hidden\" name=\"_wpcf7_container_post\" value=\"0\" \/>\n<input type=\"hidden\" name=\"_wpcf7_posted_data_hash\" value=\"\" \/>\n<input type=\"hidden\" name=\"_wpcf7_recaptcha_response\" value=\"\" \/>\n<\/div>\n<p><span class=\"wpcf7-form-control-wrap\" data-name=\"your-name\"><input size=\"40\" maxlength=\"400\" class=\"wpcf7-form-control wpcf7-text wpcf7-validates-as-required\" aria-required=\"true\" aria-invalid=\"false\" placeholder=\"NAME AND SURNAMES\" value=\"\" type=\"text\" name=\"your-name\" \/><\/span><br \/>\n<span class=\"wpcf7-form-control-wrap\" data-name=\"your-tel\"><input size=\"40\" maxlength=\"400\" class=\"wpcf7-form-control wpcf7-tel wpcf7-validates-as-required wpcf7-text wpcf7-validates-as-tel\" aria-required=\"true\" aria-invalid=\"false\" placeholder=\"PHONE\" value=\"\" type=\"tel\" name=\"your-tel\" \/><\/span><br \/>\n<span class=\"wpcf7-form-control-wrap\" data-name=\"your-email\"><input size=\"40\" maxlength=\"400\" class=\"wpcf7-form-control wpcf7-email wpcf7-text wpcf7-validates-as-email\" aria-invalid=\"false\" placeholder=\"E-MAIL\" value=\"\" type=\"email\" name=\"your-email\" \/><\/span><br \/>\n<span class=\"wpcf7-form-control-wrap\" data-name=\"your-message\"><textarea cols=\"40\" rows=\"10\" maxlength=\"2000\" class=\"wpcf7-form-control wpcf7-textarea\" aria-invalid=\"false\" placeholder=\"QUESTION\" name=\"your-message\"><\/textarea><\/span><br \/>\n<label class=\"text-form\"><\/label>\n<\/p>\n<p>El Responsable del tratamiento de sus datos es xxx., con domicilio en xxxxx, con el NIF xxxxx. Le informamos que trataremos la informaci\u00f3n que usted nos facilite con el fin de contestar su solicitud de informaci\u00f3n y de remitirle comunicaci\u00f3n comercial sobre nuestros servicios que puedan ser de su inter\u00e9s. Si usted no desea recibir informaci\u00f3n comercial, rogamos nos lo informe enviando un e-mail a xxxx. Los datos personales proporcionados se conservar\u00e1n mientras usted no solicite su supresi\u00f3n. Le informamos que usted tiene derecho a acceder a sus datos personales, as\u00ed como a solicitar la rectificaci\u00f3n de los datos inexactos o, en su caso, solicitar su supresi\u00f3n a cualquier momento. La base legal para el tratamiento de sus datos es el consentimiento otorgado al clicar la casilla de aceptaci\u00f3n al final de este formularo\n<\/p>\n<p><span class=\"wpcf7-form-control-wrap\" data-name=\"acepto\"><span class=\"wpcf7-form-control wpcf7-checkbox\"><span class=\"wpcf7-list-item first last\"><input type=\"checkbox\" name=\"acepto[]\" value=\"Acepto las condiciones de privacidad\" \/><span class=\"wpcf7-list-item-label\">Acepto las condiciones de privacidad<\/span><\/span><\/span><\/span><br \/>\n<input class=\"wpcf7-form-control wpcf7-submit has-spinner\" type=\"submit\" value=\"Send\" \/>\n<\/p><div class=\"wpcf7-response-output\" aria-hidden=\"true\"><\/div>\n<\/form>\n<\/div>\n            <\/div>\n            <div class=\"col-md-6 image\">\n                <img decoding=\"async\" src=\"https:\/\/www.arovaproject.com\/wp-content\/uploads\/2023\/11\/casa_balear_colina.jpeg\" alt=\"Imagen\" class=\"img-fluid\">\n            <\/div>\n        <\/div>\n    <\/div>\n<\/div>\n","protected":false},"excerpt":{"rendered":"","protected":false},"author":2,"featured_media":0,"parent":0,"menu_order":0,"comment_status":"closed","ping_status":"closed","template":"template-page.php","meta":{"_acf_changed":false,"footnotes":""},"class_list":["post-160","page","type-page","status-publish","hentry"],"acf":[],"yoast_head":"<!-- This site is optimized with the Yoast SEO plugin v24.4 - https:\/\/yoast.com\/wordpress\/plugins\/seo\/ -->\n<title>Contact our architects - Arova Project<\/title>\n<meta name=\"description\" content=\"Do you want to know more about Arova Project or need our services? Contact us and we will respond as soon as possible.\" \/>\n<meta name=\"robots\" content=\"index, follow, max-snippet:-1, max-image-preview:large, max-video-preview:-1\" \/>\n<link rel=\"canonical\" href=\"https:\/\/www.arovaproject.com\/en\/contact\/\" \/>\n<meta property=\"og:locale\" content=\"en_US\" \/>\n<meta property=\"og:type\" content=\"article\" \/>\n<meta property=\"og:title\" content=\"Contact our architects - Arova Project\" \/>\n<meta property=\"og:description\" content=\"Do you want to know more about Arova Project or need our services? Contact us and we will respond as soon as possible.\" \/>\n<meta property=\"og:url\" content=\"https:\/\/www.arovaproject.com\/en\/contact\/\" \/>\n<meta property=\"og:site_name\" content=\"Arova Project\" \/>\n<meta property=\"article:modified_time\" content=\"2023-11-21T15:52:11+00:00\" \/>\n<meta name=\"twitter:card\" content=\"summary_large_image\" \/>\n<script type=\"application\/ld+json\" class=\"yoast-schema-graph\">{\"@context\":\"https:\/\/schema.org\",\"@graph\":[{\"@type\":\"WebPage\",\"@id\":\"https:\/\/www.arovaproject.com\/en\/contact\/\",\"url\":\"https:\/\/www.arovaproject.com\/en\/contact\/\",\"name\":\"Contact our architects - Arova Project\",\"isPartOf\":{\"@id\":\"https:\/\/www.arovaproject.com\/en\/#website\"},\"datePublished\":\"2023-10-04T18:15:33+00:00\",\"dateModified\":\"2023-11-21T15:52:11+00:00\",\"description\":\"Do you want to know more about Arova Project or need our services? Contact us and we will respond as soon as possible.\",\"breadcrumb\":{\"@id\":\"https:\/\/www.arovaproject.com\/en\/contact\/#breadcrumb\"},\"inLanguage\":\"en-US\",\"potentialAction\":[{\"@type\":\"ReadAction\",\"target\":[\"https:\/\/www.arovaproject.com\/en\/contact\/\"]}]},{\"@type\":\"BreadcrumbList\",\"@id\":\"https:\/\/www.arovaproject.com\/en\/contact\/#breadcrumb\",\"itemListElement\":[{\"@type\":\"ListItem\",\"position\":1,\"name\":\"Portada\",\"item\":\"https:\/\/www.arovaproject.com\/en\/\"},{\"@type\":\"ListItem\",\"position\":2,\"name\":\"CONTACT US\"}]},{\"@type\":\"WebSite\",\"@id\":\"https:\/\/www.arovaproject.com\/en\/#website\",\"url\":\"https:\/\/www.arovaproject.com\/en\/\",\"name\":\"Arova Project\",\"description\":\"\",\"publisher\":{\"@id\":\"https:\/\/www.arovaproject.com\/en\/#organization\"},\"potentialAction\":[{\"@type\":\"SearchAction\",\"target\":{\"@type\":\"EntryPoint\",\"urlTemplate\":\"https:\/\/www.arovaproject.com\/en\/?s={search_term_string}\"},\"query-input\":{\"@type\":\"PropertyValueSpecification\",\"valueRequired\":true,\"valueName\":\"search_term_string\"}}],\"inLanguage\":\"en-US\"},{\"@type\":\"Organization\",\"@id\":\"https:\/\/www.arovaproject.com\/en\/#organization\",\"name\":\"Arova Project\",\"url\":\"https:\/\/www.arovaproject.com\/en\/\",\"logo\":{\"@type\":\"ImageObject\",\"inLanguage\":\"en-US\",\"@id\":\"https:\/\/www.arovaproject.com\/en\/#\/schema\/logo\/image\/\",\"url\":\"https:\/\/www.arovaproject.com\/wp-content\/uploads\/2023\/11\/cropped-Logo-Arova-1-1.png\",\"contentUrl\":\"https:\/\/www.arovaproject.com\/wp-content\/uploads\/2023\/11\/cropped-Logo-Arova-1-1.png\",\"width\":348,\"height\":129,\"caption\":\"Arova Project\"},\"image\":{\"@id\":\"https:\/\/www.arovaproject.com\/en\/#\/schema\/logo\/image\/\"},\"sameAs\":[\"https:\/\/www.instagram.com\/arova.project\"]}]}<\/script>\n<!-- \/ Yoast SEO plugin. -->","yoast_head_json":{"title":"Contact our architects - Arova Project","description":"Do you want to know more about Arova Project or need our services? Contact us and we will respond as soon as possible.","robots":{"index":"index","follow":"follow","max-snippet":"max-snippet:-1","max-image-preview":"max-image-preview:large","max-video-preview":"max-video-preview:-1"},"canonical":"https:\/\/www.arovaproject.com\/en\/contact\/","og_locale":"en_US","og_type":"article","og_title":"Contact our architects - Arova Project","og_description":"Do you want to know more about Arova Project or need our services? Contact us and we will respond as soon as possible.","og_url":"https:\/\/www.arovaproject.com\/en\/contact\/","og_site_name":"Arova Project","article_modified_time":"2023-11-21T15:52:11+00:00","twitter_card":"summary_large_image","schema":{"@context":"https:\/\/schema.org","@graph":[{"@type":"WebPage","@id":"https:\/\/www.arovaproject.com\/en\/contact\/","url":"https:\/\/www.arovaproject.com\/en\/contact\/","name":"Contact our architects - Arova Project","isPartOf":{"@id":"https:\/\/www.arovaproject.com\/en\/#website"},"datePublished":"2023-10-04T18:15:33+00:00","dateModified":"2023-11-21T15:52:11+00:00","description":"Do you want to know more about Arova Project or need our services? Contact us and we will respond as soon as possible.","breadcrumb":{"@id":"https:\/\/www.arovaproject.com\/en\/contact\/#breadcrumb"},"inLanguage":"en-US","potentialAction":[{"@type":"ReadAction","target":["https:\/\/www.arovaproject.com\/en\/contact\/"]}]},{"@type":"BreadcrumbList","@id":"https:\/\/www.arovaproject.com\/en\/contact\/#breadcrumb","itemListElement":[{"@type":"ListItem","position":1,"name":"Portada","item":"https:\/\/www.arovaproject.com\/en\/"},{"@type":"ListItem","position":2,"name":"CONTACT US"}]},{"@type":"WebSite","@id":"https:\/\/www.arovaproject.com\/en\/#website","url":"https:\/\/www.arovaproject.com\/en\/","name":"Arova Project","description":"","publisher":{"@id":"https:\/\/www.arovaproject.com\/en\/#organization"},"potentialAction":[{"@type":"SearchAction","target":{"@type":"EntryPoint","urlTemplate":"https:\/\/www.arovaproject.com\/en\/?s={search_term_string}"},"query-input":{"@type":"PropertyValueSpecification","valueRequired":true,"valueName":"search_term_string"}}],"inLanguage":"en-US"},{"@type":"Organization","@id":"https:\/\/www.arovaproject.com\/en\/#organization","name":"Arova Project","url":"https:\/\/www.arovaproject.com\/en\/","logo":{"@type":"ImageObject","inLanguage":"en-US","@id":"https:\/\/www.arovaproject.com\/en\/#\/schema\/logo\/image\/","url":"https:\/\/www.arovaproject.com\/wp-content\/uploads\/2023\/11\/cropped-Logo-Arova-1-1.png","contentUrl":"https:\/\/www.arovaproject.com\/wp-content\/uploads\/2023\/11\/cropped-Logo-Arova-1-1.png","width":348,"height":129,"caption":"Arova Project"},"image":{"@id":"https:\/\/www.arovaproject.com\/en\/#\/schema\/logo\/image\/"},"sameAs":["https:\/\/www.instagram.com\/arova.project"]}]}},"_links":{"self":[{"href":"https:\/\/www.arovaproject.com\/en\/wp-json\/wp\/v2\/pages\/160","targetHints":{"allow":["GET"]}}],"collection":[{"href":"https:\/\/www.arovaproject.com\/en\/wp-json\/wp\/v2\/pages"}],"about":[{"href":"https:\/\/www.arovaproject.com\/en\/wp-json\/wp\/v2\/types\/page"}],"author":[{"embeddable":true,"href":"https:\/\/www.arovaproject.com\/en\/wp-json\/wp\/v2\/users\/2"}],"replies":[{"embeddable":true,"href":"https:\/\/www.arovaproject.com\/en\/wp-json\/wp\/v2\/comments?post=160"}],"version-history":[{"count":14,"href":"https:\/\/www.arovaproject.com\/en\/wp-json\/wp\/v2\/pages\/160\/revisions"}],"predecessor-version":[{"id":794,"href":"https:\/\/www.arovaproject.com\/en\/wp-json\/wp\/v2\/pages\/160\/revisions\/794"}],"wp:attachment":[{"href":"https:\/\/www.arovaproject.com\/en\/wp-json\/wp\/v2\/media?parent=160"}],"curies":[{"name":"wp","href":"https:\/\/api.w.org\/{rel}","templated":true}]}}